{"id":10,"date":"2024-12-24T17:52:06","date_gmt":"2024-12-24T16:52:06","guid":{"rendered":"https:\/\/pogotowie-finansowe.pl\/?page_id=10"},"modified":"2025-02-02T14:07:09","modified_gmt":"2025-02-02T13:07:09","slug":"nowoczesne-okna-trzyszybowe-zalety-wady-i-zastosowanie","status":"publish","type":"page","link":"https:\/\/pogotowie-finansowe.pl\/","title":{"rendered":"Nowoczesne Okna Trzyszybowe \u2013 Zalety, Wady i Zastosowanie"},"content":{"rendered":"\t\t<div data-elementor-type=\"wp-page\" data-elementor-id=\"10\" class=\"elementor elementor-10\" data-elementor-post-type=\"page\">\n\t\t\t\t\t\t<section class=\"elementor-section elementor-top-section elementor-element elementor-element-6402f51 elementor-section-boxed elementor-section-height-default elementor-section-height-default\" data-id=\"6402f51\" data-element_type=\"section\">\n\t\t\t\t\t\t<div class=\"elementor-container elementor-column-gap-default\">\n\t\t\t\t\t<div class=\"elementor-column elementor-col-100 elementor-top-column elementor-element elementor-element-36844d3\" data-id=\"36844d3\" data-element_type=\"column\">\n\t\t\t<div class=\"elementor-widget-wrap elementor-element-populated\">\n\t\t\t\t\t\t<div class=\"elementor-element elementor-element-d069d7d elementor-widget elementor-widget-text-editor\" data-id=\"d069d7d\" data-element_type=\"widget\" data-widget_type=\"text-editor.default\">\n\t\t\t\t<div class=\"elementor-widget-container\">\n\t\t\t\t\t\t\t\t\t<p>Okna trzyszybowe zdobywaj\u0105 coraz wi\u0119ksz\u0105 popularno\u015b\u0107 na rynku stolarki otworowej. Wysokie parametry termoizolacyjne i akustyczne sprawiaj\u0105, \u017ce s\u0105 one idealnym wyborem zar\u00f3wno dla dom\u00f3w jednorodzinnych, jak i budynk\u00f3w komercyjnych. Czy jednak zawsze warto zainwestowa\u0107 w takie rozwi\u0105zanie? W artykule om\u00f3wimy ich zalety, wady, zastosowania, wymagania monta\u017cowe oraz dodatkowe aspekty zwi\u0105zane z ich eksploatacj\u0105.<\/p>\t\t\t\t\t\t\t\t<\/div>\n\t\t\t\t<\/div>\n\t\t\t\t<div class=\"elementor-element elementor-element-1353663 elementor-widget elementor-widget-image\" data-id=\"1353663\" data-element_type=\"widget\" data-widget_type=\"image.default\">\n\t\t\t\t<div class=\"elementor-widget-container\">\n\t\t\t\t\t\t\t\t\t\t\t\t\t\t\t<img fetchpriority=\"high\" decoding=\"async\" width=\"260\" height=\"571\" src=\"https:\/\/pogotowie-finansowe.pl\/wp-content\/uploads\/2025\/02\/okno_trzyszyby.png\" class=\"attachment-large size-large wp-image-20\" alt=\"\" srcset=\"https:\/\/pogotowie-finansowe.pl\/wp-content\/uploads\/2025\/02\/okno_trzyszyby.png 260w, https:\/\/pogotowie-finansowe.pl\/wp-content\/uploads\/2025\/02\/okno_trzyszyby-137x300.png 137w\" sizes=\"(max-width: 260px) 100vw, 260px\" \/>\t\t\t\t\t\t\t\t\t\t\t\t\t\t\t<\/div>\n\t\t\t\t<\/div>\n\t\t\t\t\t<\/div>\n\t\t<\/div>\n\t\t\t\t\t<\/div>\n\t\t<\/section>\n\t\t\t\t<section class=\"elementor-section elementor-top-section elementor-element elementor-element-bfdbf97 elementor-section-boxed elementor-section-height-default elementor-section-height-default\" data-id=\"bfdbf97\" data-element_type=\"section\">\n\t\t\t\t\t\t<div class=\"elementor-container elementor-column-gap-default\">\n\t\t\t\t\t<div class=\"elementor-column elementor-col-100 elementor-top-column elementor-element elementor-element-a7af13b\" data-id=\"a7af13b\" data-element_type=\"column\">\n\t\t\t<div class=\"elementor-widget-wrap elementor-element-populated\">\n\t\t\t\t\t\t<div class=\"elementor-element elementor-element-882c99d elementor-widget elementor-widget-heading\" data-id=\"882c99d\" data-element_type=\"widget\" data-widget_type=\"heading.default\">\n\t\t\t\t<div class=\"elementor-widget-container\">\n\t\t\t\t\t<h4 class=\"elementor-heading-title elementor-size-default\">Reklamy:<\/h4>\t\t\t\t<\/div>\n\t\t\t\t<\/div>\n\t\t\t\t\t<\/div>\n\t\t<\/div>\n\t\t\t\t\t<\/div>\n\t\t<\/section>\n\t\t\t\t<section class=\"elementor-section elementor-top-section elementor-element elementor-element-e7d6b05 elementor-section-boxed elementor-section-height-default elementor-section-height-default\" data-id=\"e7d6b05\" data-element_type=\"section\">\n\t\t\t\t\t\t<div class=\"elementor-container elementor-column-gap-default\">\n\t\t\t\t\t<div class=\"elementor-column elementor-col-33 elementor-top-column elementor-element elementor-element-828fd94\" data-id=\"828fd94\" data-element_type=\"column\">\n\t\t\t<div class=\"elementor-widget-wrap elementor-element-populated\">\n\t\t\t\t\t\t<div class=\"elementor-element elementor-element-50fe226 elementor-widget elementor-widget-text-editor\" data-id=\"50fe226\" data-element_type=\"widget\" data-widget_type=\"text-editor.default\">\n\t\t\t\t<div class=\"elementor-widget-container\">\n\t\t\t\t\t\t\t\t\t<p><img decoding=\"async\" class=\"size-full wp-image-24 aligncenter\" src=\"http:\/\/pogotowie-finansowe.pl\/wp-content\/uploads\/2025\/02\/leoklimapl-high-resolution-logo-color-on-transparent-background-2-150x150-1.png\" alt=\"\" width=\"150\" height=\"150\"><a href=\"https:\/\/leoklima.pl\">leoklima.pl<\/a> &#8211; Serwis klimatyzacji i pomp ciep\u0142a na terenie Warszawy<\/p>\t\t\t\t\t\t\t\t<\/div>\n\t\t\t\t<\/div>\n\t\t\t\t\t<\/div>\n\t\t<\/div>\n\t\t\t\t<div class=\"elementor-column elementor-col-33 elementor-top-column elementor-element elementor-element-fb26433\" data-id=\"fb26433\" data-element_type=\"column\">\n\t\t\t<div class=\"elementor-widget-wrap elementor-element-populated\">\n\t\t\t\t\t\t<div class=\"elementor-element elementor-element-3c28d73 elementor-widget elementor-widget-text-editor\" data-id=\"3c28d73\" data-element_type=\"widget\" data-widget_type=\"text-editor.default\">\n\t\t\t\t<div class=\"elementor-widget-container\">\n\t\t\t\t\t\t\t\t\t<p><img decoding=\"async\" class=\"size-medium wp-image-22 aligncenter\" src=\"http:\/\/pogotowie-finansowe.pl\/wp-content\/uploads\/2025\/02\/hob-283x300.webp\" alt=\"\" width=\"283\" height=\"300\" srcset=\"https:\/\/pogotowie-finansowe.pl\/wp-content\/uploads\/2025\/02\/hob-283x300.webp 283w, https:\/\/pogotowie-finansowe.pl\/wp-content\/uploads\/2025\/02\/hob.webp 489w\" sizes=\"(max-width: 283px) 100vw, 283px\" \/><br \/><a href=\"https:\/\/hob.com.pl\">hob.com.pl<\/a>\u00a0&#8211; Remont dachu na lata<\/p>\t\t\t\t\t\t\t\t<\/div>\n\t\t\t\t<\/div>\n\t\t\t\t\t<\/div>\n\t\t<\/div>\n\t\t\t\t<div class=\"elementor-column elementor-col-33 elementor-top-column elementor-element elementor-element-6377ef4\" data-id=\"6377ef4\" data-element_type=\"column\">\n\t\t\t<div class=\"elementor-widget-wrap elementor-element-populated\">\n\t\t\t\t\t\t<div class=\"elementor-element elementor-element-a0dbe83 elementor-widget elementor-widget-text-editor\" data-id=\"a0dbe83\" data-element_type=\"widget\" data-widget_type=\"text-editor.default\">\n\t\t\t\t<div class=\"elementor-widget-container\">\n\t\t\t\t\t\t\t\t\t<p><img loading=\"lazy\" decoding=\"async\" class=\"alignnone size-full wp-image-23\" src=\"http:\/\/pogotowie-finansowe.pl\/wp-content\/uploads\/2025\/02\/hau-miau.png\" alt=\"\" width=\"213\" height=\"149\" \/><a href=\"https:\/\/hau-miau.pl\">hau-miau.pl<\/a> &#8211; Przychodnia weterynaryjna z USG w Warszawie<\/p>\t\t\t\t\t\t\t\t<\/div>\n\t\t\t\t<\/div>\n\t\t\t\t\t<\/div>\n\t\t<\/div>\n\t\t\t\t\t<\/div>\n\t\t<\/section>\n\t\t\t\t<section class=\"elementor-section elementor-top-section elementor-element elementor-element-c64e65a elementor-section-boxed elementor-section-height-default elementor-section-height-default\" data-id=\"c64e65a\" data-element_type=\"section\">\n\t\t\t\t\t\t<div class=\"elementor-container elementor-column-gap-default\">\n\t\t\t\t\t<div class=\"elementor-column elementor-col-100 elementor-top-column elementor-element elementor-element-5e7f389\" data-id=\"5e7f389\" data-element_type=\"column\">\n\t\t\t<div class=\"elementor-widget-wrap elementor-element-populated\">\n\t\t\t\t\t\t<div class=\"elementor-element elementor-element-eb3cd77 elementor-widget elementor-widget-heading\" data-id=\"eb3cd77\" data-element_type=\"widget\" data-widget_type=\"heading.default\">\n\t\t\t\t<div class=\"elementor-widget-container\">\n\t\t\t\t\t<h2 class=\"elementor-heading-title elementor-size-default\">Zalety Okien Trzyszybowych\n<\/h2>\t\t\t\t<\/div>\n\t\t\t\t<\/div>\n\t\t\t\t<div class=\"elementor-element elementor-element-392a790 elementor-widget elementor-widget-text-editor\" data-id=\"392a790\" data-element_type=\"widget\" data-widget_type=\"text-editor.default\">\n\t\t\t\t<div class=\"elementor-widget-container\">\n\t\t\t\t\t\t\t\t\t<ul><li><p><strong>Lepsza Izolacja Termiczna<\/strong><br \/><a href=\"http:\/\/sklep-internet.pl\">Okna trzyszybowe<\/a> to jeden z najlepszych wybor\u00f3w pod k\u0105tem izolacji cieplnej. Dzi\u0119ki zastosowaniu trzech szyb oraz wype\u0142nieniu przestrzeni mi\u0119dzy nimi gazami szlachetnymi (np. argonem, kryptonem), wsp\u00f3\u0142czynnik przenikania ciep\u0142a (Uw) osi\u0105ga warto\u015bci rz\u0119du 0,7-1,0 W\/m\u00b2K. To znacznie mniej ni\u017c w przypadku okien dwuszybowych, co oznacza mniejsze straty ciep\u0142a w zimie i wi\u0119ksz\u0105 ochron\u0119 przed nagrzewaniem latem.<\/p><\/li><li><p><strong>Izolacja Akustyczna<\/strong><br \/>Ha\u0142as z zewn\u0105trz mo\u017ce by\u0107 uci\u0105\u017cliwy, zw\u0142aszcza w du\u017cych miastach czy przy ruchliwych drogach. Okna trzyszybowe skutecznie redukuj\u0105 ha\u0142as dzi\u0119ki dodatkowej szybie i specjalnym uszczelkom. W przypadku okien akustycznych mo\u017cna osi\u0105gn\u0105\u0107 nawet 50 dB izolacji, co znacz\u0105co poprawia komfort mieszka\u0144c\u00f3w.<\/p><\/li><li><p><strong>Ekologia i Oszcz\u0119dno\u015b\u0107 Energii<\/strong><br \/>Okna trzyszybowe wspieraj\u0105 ide\u0119 zr\u00f3wnowa\u017conego budownictwa. Dzi\u0119ki ograniczeniu strat ciep\u0142a redukuj\u0105 emisj\u0119 dwutlenku w\u0119gla, co ma pozytywny wp\u0142yw na \u015brodowisko. W po\u0142\u0105czeniu z odpowiedni\u0105 izolacj\u0105 budynku, okna te pozwalaj\u0105 na spe\u0142nienie standard\u00f3w dom\u00f3w pasywnych, takich jak Passivhaus.<\/p><\/li><li><p><strong>Estetyka i Bezpiecze\u0144stwo<\/strong><br \/>Okna trzyszybowe oferuj\u0105 nie tylko funkcjonalno\u015b\u0107, ale r\u00f3wnie\u017c estetyk\u0119. Dost\u0119pne s\u0105 w r\u00f3\u017cnych kolorach, wyko\u0144czeniach i stylach ram, co pozwala dopasowa\u0107 je do ka\u017cdego projektu. Dodatkowo ich solidna konstrukcja i mo\u017cliwo\u015b\u0107 zastosowania szyb laminowanych zwi\u0119kszaj\u0105 bezpiecze\u0144stwo, chroni\u0105c dom przed w\u0142amaniem.<\/p><\/li><\/ul>\t\t\t\t\t\t\t\t<\/div>\n\t\t\t\t<\/div>\n\t\t\t\t<div class=\"elementor-element elementor-element-fa2bcc4 elementor-widget elementor-widget-heading\" data-id=\"fa2bcc4\" data-element_type=\"widget\" data-widget_type=\"heading.default\">\n\t\t\t\t<div class=\"elementor-widget-container\">\n\t\t\t\t\t<h2 class=\"elementor-heading-title elementor-size-default\">Wady Okien Trzyszybowych\n<\/h2>\t\t\t\t<\/div>\n\t\t\t\t<\/div>\n\t\t\t\t<div class=\"elementor-element elementor-element-beb4516 elementor-widget elementor-widget-text-editor\" data-id=\"beb4516\" data-element_type=\"widget\" data-widget_type=\"text-editor.default\">\n\t\t\t\t<div class=\"elementor-widget-container\">\n\t\t\t\t\t\t\t\t\t<ul>\n<li>\n<p><strong>Wy\u017cszy Koszt Zakupu i Monta\u017cu<\/strong><br>Cena okien trzyszybowych mo\u017ce by\u0107 wy\u017csza o 20-30% w por\u00f3wnaniu z oknami dwuszybowymi. Koszt monta\u017cu r\u00f3wnie\u017c wzrasta ze wzgl\u0119du na wi\u0119ksz\u0105 wag\u0119 okien, kt\u00f3ra wymaga zastosowania specjalnych technik instalacyjnych. Dla niekt\u00f3rych inwestor\u00f3w mo\u017ce to by\u0107 bariera finansowa.<\/p>\n<\/li>\n<li>\n<p><strong>Wi\u0119ksza Waga i Mniejsza Uniwersalno\u015b\u0107<\/strong><br>Trzecia szyba zwi\u0119ksza wag\u0119 konstrukcji, co mo\u017ce stanowi\u0107 problem w przypadku starszych budynk\u00f3w. Nie ka\u017cde otwory okienne wytrzymaj\u0105 obci\u0105\u017cenie zwi\u0105zane z monta\u017cem takich okien, co mo\u017ce wymaga\u0107 dodatkowych prac budowlanych.<\/p>\n<\/li>\n<li>\n<p><strong>Mniejsza Przepuszczalno\u015b\u0107 \u015awiat\u0142a<\/strong><br>Ka\u017cda dodatkowa szyba zmniejsza ilo\u015b\u0107 \u015bwiat\u0142a docieraj\u0105cego do wn\u0119trza. Cho\u0107 r\u00f3\u017cnice s\u0105 subtelne, w pomieszczeniach o ograniczonym dost\u0119pie do \u015bwiat\u0142a naturalnego mo\u017ce to wp\u0142yn\u0105\u0107 na ich wizualn\u0105 jasno\u015b\u0107.<\/p>\n<\/li>\n<\/ul>\t\t\t\t\t\t\t\t<\/div>\n\t\t\t\t<\/div>\n\t\t\t\t<div class=\"elementor-element elementor-element-f05b80e elementor-widget elementor-widget-heading\" data-id=\"f05b80e\" data-element_type=\"widget\" data-widget_type=\"heading.default\">\n\t\t\t\t<div class=\"elementor-widget-container\">\n\t\t\t\t\t<h2 class=\"elementor-heading-title elementor-size-default\">Zastosowanie Okien Trzyszybowych\n<\/h2>\t\t\t\t<\/div>\n\t\t\t\t<\/div>\n\t\t\t\t<div class=\"elementor-element elementor-element-48537d6 elementor-widget elementor-widget-text-editor\" data-id=\"48537d6\" data-element_type=\"widget\" data-widget_type=\"text-editor.default\">\n\t\t\t\t<div class=\"elementor-widget-container\">\n\t\t\t\t\t\t\t\t\t<ul><li><p><strong>Budownictwo Pasywne i Energooszcz\u0119dne<\/strong><br \/>Domy pasywne oraz energooszcz\u0119dne wymagaj\u0105 zastosowania materia\u0142\u00f3w o najwy\u017cszych parametrach izolacyjnych. Okna trzyszybowe spe\u0142niaj\u0105 te wymagania, dzi\u0119ki czemu s\u0105 standardem w takich projektach.<\/p><\/li><li><p><strong>Pomieszczenia Wymagaj\u0105ce Ciszy<\/strong><br \/>Idealne rozwi\u0105zanie dla mieszka\u0144 i biur w miejscach o wysokim poziomie ha\u0142asu, takich jak centra miast, okolice lotnisk czy ruchliwe drogi. Dzi\u0119ki w\u0142a\u015bciwo\u015bciom akustycznym okna trzyszybowe poprawiaj\u0105 komfort akustyczny w pomieszczeniach.<\/p><\/li><li><p><strong>Obiekty w Trudnych Warunkach Klimatycznych<\/strong><br \/>W regionach o du\u017cych r\u00f3\u017cnicach temperatur, jak np. w g\u00f3rach czy w krajach o surowym klimacie, okna trzyszybowe pomagaj\u0105 utrzyma\u0107 sta\u0142\u0105 temperatur\u0119 w pomieszczeniach i obni\u017cy\u0107 koszty ogrzewania.<\/p><\/li><\/ul>\t\t\t\t\t\t\t\t<\/div>\n\t\t\t\t<\/div>\n\t\t\t\t<div class=\"elementor-element elementor-element-a42df24 elementor-widget elementor-widget-image\" data-id=\"a42df24\" data-element_type=\"widget\" data-widget_type=\"image.default\">\n\t\t\t\t<div class=\"elementor-widget-container\">\n\t\t\t\t\t\t\t\t\t\t\t\t\t\t\t<img loading=\"lazy\" decoding=\"async\" width=\"260\" height=\"390\" src=\"https:\/\/pogotowie-finansowe.pl\/wp-content\/uploads\/2025\/02\/okno_czarne.png\" class=\"attachment-large size-large wp-image-21\" alt=\"\" srcset=\"https:\/\/pogotowie-finansowe.pl\/wp-content\/uploads\/2025\/02\/okno_czarne.png 260w, https:\/\/pogotowie-finansowe.pl\/wp-content\/uploads\/2025\/02\/okno_czarne-200x300.png 200w\" sizes=\"(max-width: 260px) 100vw, 260px\" \/>\t\t\t\t\t\t\t\t\t\t\t\t\t\t\t<\/div>\n\t\t\t\t<\/div>\n\t\t\t\t\t<\/div>\n\t\t<\/div>\n\t\t\t\t\t<\/div>\n\t\t<\/section>\n\t\t\t\t<section class=\"elementor-section elementor-top-section elementor-element elementor-element-70ecbcb elementor-section-boxed elementor-section-height-default elementor-section-height-default\" data-id=\"70ecbcb\" data-element_type=\"section\">\n\t\t\t\t\t\t<div class=\"elementor-container elementor-column-gap-default\">\n\t\t\t\t\t<div class=\"elementor-column elementor-col-100 elementor-top-column elementor-element elementor-element-5d1aa07\" data-id=\"5d1aa07\" data-element_type=\"column\">\n\t\t\t<div class=\"elementor-widget-wrap elementor-element-populated\">\n\t\t\t\t\t\t<div class=\"elementor-element elementor-element-4c6c70b elementor-widget elementor-widget-heading\" data-id=\"4c6c70b\" data-element_type=\"widget\" data-widget_type=\"heading.default\">\n\t\t\t\t<div class=\"elementor-widget-container\">\n\t\t\t\t\t<h2 class=\"elementor-heading-title elementor-size-default\">Podsumowanie<\/h2>\t\t\t\t<\/div>\n\t\t\t\t<\/div>\n\t\t\t\t<div class=\"elementor-element elementor-element-1d33ee3 elementor-widget elementor-widget-text-editor\" data-id=\"1d33ee3\" data-element_type=\"widget\" data-widget_type=\"text-editor.default\">\n\t\t\t\t<div class=\"elementor-widget-container\">\n\t\t\t\t\t\t\t\t\t<p>Okna trzyszybowe to rozwi\u0105zanie dla wymagaj\u0105cych klient\u00f3w, kt\u00f3rzy ceni\u0105 sobie komfort, oszcz\u0119dno\u015b\u0107 energii i nowoczesny design. Mimo wy\u017cszych koszt\u00f3w ich zalety, takie jak izolacja termiczna i akustyczna, czyni\u0105 je inwestycj\u0105 wart\u0105 rozwa\u017cenia. Kluczowe jest jednak, by wyb\u00f3r modelu i proces monta\u017cu by\u0142y dostosowane do indywidualnych potrzeb i specyfiki budynku. Dzi\u0119ki temu okna trzyszybowe b\u0119d\u0105 s\u0142u\u017cy\u0107 przez wiele lat, zapewniaj\u0105c komfort mieszkania i wspieraj\u0105c ochron\u0119 \u015brodowiska.<\/p>\t\t\t\t\t\t\t\t<\/div>\n\t\t\t\t<\/div>\n\t\t\t\t\t<\/div>\n\t\t<\/div>\n\t\t\t\t\t<\/div>\n\t\t<\/section>\n\t\t\t\t<\/div>\n\t\t","protected":false},"excerpt":{"rendered":"<p>Okna trzyszybowe zdobywaj\u0105 coraz wi\u0119ksz\u0105 popularno\u015b\u0107 na rynku stolarki otworowej. Wysokie parametry termoizolacyjne i akustyczne sprawiaj\u0105, \u017ce s\u0105 one idealnym wyborem zar\u00f3wno dla dom\u00f3w jednorodzinnych, jak i budynk\u00f3w komercyjnych. Czy jednak zawsze warto zainwestowa\u0107 w takie rozwi\u0105zanie? W artykule om\u00f3wimy ich zalety, wady, zastosowania, wymagania monta\u017cowe oraz dodatkowe aspekty zwi\u0105zane z ich eksploatacj\u0105. Reklamy: leoklima.pl&hellip;<\/p>\n<p class=\"more\"><a class=\"more-link\" href=\"https:\/\/pogotowie-finansowe.pl\/\">Continue reading <span class=\"screen-reader-text\">Nowoczesne Okna Trzyszybowe \u2013 Zalety, Wady i Zastosowanie<\/span><\/a><\/p>\n","protected":false},"author":1,"featured_media":0,"parent":0,"menu_order":0,"comment_status":"closed","ping_status":"closed","template":"","meta":{"footnotes":""},"class_list":["post-10","page","type-page","status-publish","hentry","entry"],"_links":{"self":[{"href":"https:\/\/pogotowie-finansowe.pl\/index.php?rest_route=\/wp\/v2\/pages\/10","targetHints":{"allow":["GET"]}}],"collection":[{"href":"https:\/\/pogotowie-finansowe.pl\/index.php?rest_route=\/wp\/v2\/pages"}],"about":[{"href":"https:\/\/pogotowie-finansowe.pl\/index.php?rest_route=\/wp\/v2\/types\/page"}],"author":[{"embeddable":true,"href":"https:\/\/pogotowie-finansowe.pl\/index.php?rest_route=\/wp\/v2\/users\/1"}],"replies":[{"embeddable":true,"href":"https:\/\/pogotowie-finansowe.pl\/index.php?rest_route=%2Fwp%2Fv2%2Fcomments&post=10"}],"version-history":[{"count":9,"href":"https:\/\/pogotowie-finansowe.pl\/index.php?rest_route=\/wp\/v2\/pages\/10\/revisions"}],"predecessor-version":[{"id":29,"href":"https:\/\/pogotowie-finansowe.pl\/index.php?rest_route=\/wp\/v2\/pages\/10\/revisions\/29"}],"wp:attachment":[{"href":"https:\/\/pogotowie-finansowe.pl\/index.php?rest_route=%2Fwp%2Fv2%2Fmedia&parent=10"}],"curies":[{"name":"wp","href":"https:\/\/api.w.org\/{rel}","templated":true}]}}